{"id":16194,"date":"2025-05-30T19:13:15","date_gmt":"2025-05-30T17:13:15","guid":{"rendered":"https:\/\/emiro.agesci.it\/cambuseconsapevoli\/?post_type=product&#038;p=16194"},"modified":"2025-10-10T11:15:19","modified_gmt":"2025-10-10T09:15:19","slug":"confettura-pesca-620grammi","status":"publish","type":"product","link":"https:\/\/emiro.agesci.it\/cambuseconsapevoli\/prodotto\/confettura-pesca-620grammi\/","title":{"rendered":"Confettura Pesca  &#8211; 620grammi"},"content":{"rendered":"<p>Solo con frutta fresca, da agricoltura biologica e selezionata a mano; il risultato \u00e8 la riscoperta dell&#8217;autentico sapore del frutto con cui vengono preparate. Il risultato \u00e8 un prodotto che vi stupir\u00e0 per il sapore genuino e la naturale consistenza. Oltre che a colazione, a merenda e in aggiunta allo yogurt bianco, \u00e8 ottima per le crostate.<\/p>\n","protected":false},"excerpt":{"rendered":"<p>Solo ingredienti naturali, zucchero di canna e pesche fresche<\/p>\n","protected":false},"featured_media":16195,"comment_status":"open","ping_status":"closed","template":"","meta":[],"product_brand":[292],"product_cat":[109],"product_tag":[204,226,203],"class_list":{"0":"post-16194","1":"product","2":"type-product","3":"status-publish","4":"has-post-thumbnail","6":"product_brand-madre-terra","7":"product_cat-confetture-cioccolate-miele","8":"product_tag-senza-glutine","9":"product_tag-vegano","10":"product_tag-vegetariano","12":"first","13":"instock","14":"taxable","15":"shipping-taxable","16":"purchasable","17":"product-type-simple"},"_links":{"self":[{"href":"https:\/\/emiro.agesci.it\/cambuseconsapevoli\/wp-json\/wp\/v2\/product\/16194","targetHints":{"allow":["GET"]}}],"collection":[{"href":"https:\/\/emiro.agesci.it\/cambuseconsapevoli\/wp-json\/wp\/v2\/product"}],"about":[{"href":"https:\/\/emiro.agesci.it\/cambuseconsapevoli\/wp-json\/wp\/v2\/types\/product"}],"replies":[{"embeddable":true,"href":"https:\/\/emiro.agesci.it\/cambuseconsapevoli\/wp-json\/wp\/v2\/comments?post=16194"}],"wp:featuredmedia":[{"embeddable":true,"href":"https:\/\/emiro.agesci.it\/cambuseconsapevoli\/wp-json\/wp\/v2\/media\/16195"}],"wp:attachment":[{"href":"https:\/\/emiro.agesci.it\/cambuseconsapevoli\/wp-json\/wp\/v2\/media?parent=16194"}],"wp:term":[{"taxonomy":"product_brand","embeddable":true,"href":"https:\/\/emiro.agesci.it\/cambuseconsapevoli\/wp-json\/wp\/v2\/product_brand?post=16194"},{"taxonomy":"product_cat","embeddable":true,"href":"https:\/\/emiro.agesci.it\/cambuseconsapevoli\/wp-json\/wp\/v2\/product_cat?post=16194"},{"taxonomy":"product_tag","embeddable":true,"href":"https:\/\/emiro.agesci.it\/cambuseconsapevoli\/wp-json\/wp\/v2\/product_tag?post=16194"}],"curies":[{"name":"wp","href":"https:\/\/api.w.org\/{rel}","templated":true}]}}