{"id":16176,"date":"2025-05-30T19:05:00","date_gmt":"2025-05-30T17:05:00","guid":{"rendered":"https:\/\/emiro.agesci.it\/cambuseconsapevoli\/?post_type=product&#038;p=16176"},"modified":"2025-10-10T11:34:41","modified_gmt":"2025-10-10T09:34:41","slug":"caffe-macinato-miscela-classica-bipack","status":"publish","type":"product","link":"https:\/\/emiro.agesci.it\/cambuseconsapevoli\/prodotto\/caffe-macinato-miscela-classica-bipack\/","title":{"rendered":"Caff\u00e8 Macinato Miscela classica &#8211; bipack 2x250gr"},"content":{"rendered":"<p>Miscela di caff\u00e8 arabica e robusta, qualit\u00e0 classica, macinato per moka. In confezione bipack<\/p>\n","protected":false},"excerpt":{"rendered":"<p>Caff\u00e8 bipack 2x250gr<\/p>\n","protected":false},"featured_media":16177,"comment_status":"open","ping_status":"closed","template":"","meta":[],"product_brand":[217],"product_cat":[98],"product_tag":[204,203],"class_list":{"0":"post-16176","1":"product","2":"type-product","3":"status-publish","4":"has-post-thumbnail","6":"product_brand-altromercato","7":"product_cat-tetisanecaffeorzo","8":"product_tag-senza-glutine","9":"product_tag-vegetariano","11":"first","12":"instock","13":"taxable","14":"shipping-taxable","15":"purchasable","16":"product-type-simple"},"_links":{"self":[{"href":"https:\/\/emiro.agesci.it\/cambuseconsapevoli\/wp-json\/wp\/v2\/product\/16176","targetHints":{"allow":["GET"]}}],"collection":[{"href":"https:\/\/emiro.agesci.it\/cambuseconsapevoli\/wp-json\/wp\/v2\/product"}],"about":[{"href":"https:\/\/emiro.agesci.it\/cambuseconsapevoli\/wp-json\/wp\/v2\/types\/product"}],"replies":[{"embeddable":true,"href":"https:\/\/emiro.agesci.it\/cambuseconsapevoli\/wp-json\/wp\/v2\/comments?post=16176"}],"wp:featuredmedia":[{"embeddable":true,"href":"https:\/\/emiro.agesci.it\/cambuseconsapevoli\/wp-json\/wp\/v2\/media\/16177"}],"wp:attachment":[{"href":"https:\/\/emiro.agesci.it\/cambuseconsapevoli\/wp-json\/wp\/v2\/media?parent=16176"}],"wp:term":[{"taxonomy":"product_brand","embeddable":true,"href":"https:\/\/emiro.agesci.it\/cambuseconsapevoli\/wp-json\/wp\/v2\/product_brand?post=16176"},{"taxonomy":"product_cat","embeddable":true,"href":"https:\/\/emiro.agesci.it\/cambuseconsapevoli\/wp-json\/wp\/v2\/product_cat?post=16176"},{"taxonomy":"product_tag","embeddable":true,"href":"https:\/\/emiro.agesci.it\/cambuseconsapevoli\/wp-json\/wp\/v2\/product_tag?post=16176"}],"curies":[{"name":"wp","href":"https:\/\/api.w.org\/{rel}","templated":true}]}}