{"id":16173,"date":"2025-05-30T19:03:03","date_gmt":"2025-05-30T17:03:03","guid":{"rendered":"https:\/\/emiro.agesci.it\/cambuseconsapevoli\/?post_type=product&#038;p=16173"},"modified":"2025-05-30T19:04:12","modified_gmt":"2025-05-30T17:04:12","slug":"te-verde-50-filtri","status":"publish","type":"product","link":"https:\/\/emiro.agesci.it\/cambuseconsapevoli\/prodotto\/te-verde-50-filtri\/","title":{"rendered":"T\u00e8 Verde &#8211; 50 filtri"},"content":{"rendered":"<p>Il t\u00e8 verde Altromercato viene prodotto in India, nella rinomata regione del Darjeeling, e si ottiene unicamente da coltivazioni biologiche, con il solo uso di concimi organici. Questo t\u00e8 \u00e8 di variet\u00e0 Green Broken Orange: ha sapore aromatico, leggermente erbaceo e colore giallo paglierino. Il t\u00e8 verde non \u00e8 sottoposto a fermentazione, per questo conserva la sua naturale ricchezza di antiossidanti. Questa confezione contiene 50 bustine.<\/p>\n","protected":false},"excerpt":{"rendered":"<p>T\u00e8 verde indiano Darjeeling da agricoltura biologica. In confezione da 50 bustine.<\/p>\n","protected":false},"featured_media":16174,"comment_status":"open","ping_status":"closed","template":"","meta":[],"product_brand":[217],"product_cat":[98],"product_tag":[204,203],"class_list":{"0":"post-16173","1":"product","2":"type-product","3":"status-publish","4":"has-post-thumbnail","6":"product_brand-altromercato","7":"product_cat-tetisanecaffeorzo","8":"product_tag-senza-glutine","9":"product_tag-vegetariano","11":"first","12":"instock","13":"taxable","14":"shipping-taxable","15":"purchasable","16":"product-type-simple"},"_links":{"self":[{"href":"https:\/\/emiro.agesci.it\/cambuseconsapevoli\/wp-json\/wp\/v2\/product\/16173","targetHints":{"allow":["GET"]}}],"collection":[{"href":"https:\/\/emiro.agesci.it\/cambuseconsapevoli\/wp-json\/wp\/v2\/product"}],"about":[{"href":"https:\/\/emiro.agesci.it\/cambuseconsapevoli\/wp-json\/wp\/v2\/types\/product"}],"replies":[{"embeddable":true,"href":"https:\/\/emiro.agesci.it\/cambuseconsapevoli\/wp-json\/wp\/v2\/comments?post=16173"}],"wp:featuredmedia":[{"embeddable":true,"href":"https:\/\/emiro.agesci.it\/cambuseconsapevoli\/wp-json\/wp\/v2\/media\/16174"}],"wp:attachment":[{"href":"https:\/\/emiro.agesci.it\/cambuseconsapevoli\/wp-json\/wp\/v2\/media?parent=16173"}],"wp:term":[{"taxonomy":"product_brand","embeddable":true,"href":"https:\/\/emiro.agesci.it\/cambuseconsapevoli\/wp-json\/wp\/v2\/product_brand?post=16173"},{"taxonomy":"product_cat","embeddable":true,"href":"https:\/\/emiro.agesci.it\/cambuseconsapevoli\/wp-json\/wp\/v2\/product_cat?post=16173"},{"taxonomy":"product_tag","embeddable":true,"href":"https:\/\/emiro.agesci.it\/cambuseconsapevoli\/wp-json\/wp\/v2\/product_tag?post=16173"}],"curies":[{"name":"wp","href":"https:\/\/api.w.org\/{rel}","templated":true}]}}