{"id":15101,"date":"2025-05-29T17:38:04","date_gmt":"2025-05-29T15:38:04","guid":{"rendered":"https:\/\/emiro.agesci.it\/cambuseconsapevoli\/prodotto\/caffe-solubile-100gr\/"},"modified":"2025-07-14T18:46:40","modified_gmt":"2025-07-14T16:46:40","slug":"caffe-solubile-100gr","status":"publish","type":"product","link":"https:\/\/emiro.agesci.it\/cambuseconsapevoli\/prodotto\/caffe-solubile-100gr\/","title":{"rendered":"Caff\u00e8 solubile &#8211; 100gr"},"content":{"rendered":"<p>Materia prima di qualit\u00e0 priva di additivi. Ottenuto esclusivamente da coltivazioni biologiche della Tanzania, \u00e8 una miscela ben equilibrata di arabica e robusta. Puoi usarlo nelle tue bevande calde o fredde, e te ne baster\u00e0 un cucchiaino per sprigionare un aroma intenso e autentico.<\/p>\n","protected":false},"excerpt":{"rendered":"<p>Caff\u00e8 solubile &#8211; 100gr<\/p>\n","protected":false},"featured_media":12165,"comment_status":"open","ping_status":"closed","template":"","meta":[],"product_brand":[217],"product_cat":[98],"product_tag":[204,203],"class_list":{"0":"post-15101","1":"product","2":"type-product","3":"status-publish","4":"has-post-thumbnail","6":"product_brand-altromercato","7":"product_cat-tetisanecaffeorzo","8":"product_tag-senza-glutine","9":"product_tag-vegetariano","11":"first","12":"instock","13":"taxable","14":"shipping-taxable","15":"purchasable","16":"product-type-simple"},"_links":{"self":[{"href":"https:\/\/emiro.agesci.it\/cambuseconsapevoli\/wp-json\/wp\/v2\/product\/15101","targetHints":{"allow":["GET"]}}],"collection":[{"href":"https:\/\/emiro.agesci.it\/cambuseconsapevoli\/wp-json\/wp\/v2\/product"}],"about":[{"href":"https:\/\/emiro.agesci.it\/cambuseconsapevoli\/wp-json\/wp\/v2\/types\/product"}],"replies":[{"embeddable":true,"href":"https:\/\/emiro.agesci.it\/cambuseconsapevoli\/wp-json\/wp\/v2\/comments?post=15101"}],"wp:featuredmedia":[{"embeddable":true,"href":"https:\/\/emiro.agesci.it\/cambuseconsapevoli\/wp-json\/wp\/v2\/media\/12165"}],"wp:attachment":[{"href":"https:\/\/emiro.agesci.it\/cambuseconsapevoli\/wp-json\/wp\/v2\/media?parent=15101"}],"wp:term":[{"taxonomy":"product_brand","embeddable":true,"href":"https:\/\/emiro.agesci.it\/cambuseconsapevoli\/wp-json\/wp\/v2\/product_brand?post=15101"},{"taxonomy":"product_cat","embeddable":true,"href":"https:\/\/emiro.agesci.it\/cambuseconsapevoli\/wp-json\/wp\/v2\/product_cat?post=15101"},{"taxonomy":"product_tag","embeddable":true,"href":"https:\/\/emiro.agesci.it\/cambuseconsapevoli\/wp-json\/wp\/v2\/product_tag?post=15101"}],"curies":[{"name":"wp","href":"https:\/\/api.w.org\/{rel}","templated":true}]}}