{"id":12326,"date":"2025-04-03T12:01:26","date_gmt":"2025-04-03T10:01:26","guid":{"rendered":"https:\/\/emiro.agesci.it\/cambuseconsapevoli\/prodotto\/piatti-solido-menta-piperita\/"},"modified":"2025-05-27T14:12:18","modified_gmt":"2025-05-27T12:12:18","slug":"piatti-solido-menta-piperita","status":"publish","type":"product","link":"https:\/\/emiro.agesci.it\/cambuseconsapevoli\/prodotto\/piatti-solido-menta-piperita\/","title":{"rendered":"Piatti Solido &#8211; menta piperita"},"content":{"rendered":"<p> Scegli il Detersivo Piatti Solido Solara che elimina la plastica dalla tua cucina e ti fa risparmiare, perch\u00e9 dura quasi 3 mesi! Come fa? \u00c8 molto concentrato! Inoltre, ha un alto potere sgrassante anche sui piatti e sulle pentole pi\u00f9 unte. Guardandolo ti sembra un normale sapone ma non lo \u00e8, perch\u00e9 ha una formula tipica di un vero e proprio detersivo piatti, ma in forma solida, studiata specificatamente per ottenere la massima brillantezza e zero odori sgradevoli.<br \/>\nBasta strofinare una spugna umida, o una spazzola per piatti sulla faccia superiore del \u0093cubo\u0094, creando una soffice schiuma con cui lavare i piatti come fai di solito. Questa schiuma \u00e8 sufficiente per lavare molte stoviglie, non dovrai usarne ancora!<\/p>\n","protected":false},"excerpt":{"rendered":"<p>Detersivo piatti solido<\/p>\n","protected":false},"featured_media":9185,"comment_status":"open","ping_status":"closed","template":"","meta":[],"product_brand":[224],"product_cat":[144],"product_tag":[],"class_list":{"0":"post-12326","1":"product","2":"type-product","3":"status-publish","4":"has-post-thumbnail","6":"product_brand-officina-naturae","7":"product_cat-pulizia-della-casa","9":"first","10":"instock","11":"taxable","12":"shipping-taxable","13":"purchasable","14":"product-type-simple"},"_links":{"self":[{"href":"https:\/\/emiro.agesci.it\/cambuseconsapevoli\/wp-json\/wp\/v2\/product\/12326","targetHints":{"allow":["GET"]}}],"collection":[{"href":"https:\/\/emiro.agesci.it\/cambuseconsapevoli\/wp-json\/wp\/v2\/product"}],"about":[{"href":"https:\/\/emiro.agesci.it\/cambuseconsapevoli\/wp-json\/wp\/v2\/types\/product"}],"replies":[{"embeddable":true,"href":"https:\/\/emiro.agesci.it\/cambuseconsapevoli\/wp-json\/wp\/v2\/comments?post=12326"}],"wp:featuredmedia":[{"embeddable":true,"href":"https:\/\/emiro.agesci.it\/cambuseconsapevoli\/wp-json\/wp\/v2\/media\/9185"}],"wp:attachment":[{"href":"https:\/\/emiro.agesci.it\/cambuseconsapevoli\/wp-json\/wp\/v2\/media?parent=12326"}],"wp:term":[{"taxonomy":"product_brand","embeddable":true,"href":"https:\/\/emiro.agesci.it\/cambuseconsapevoli\/wp-json\/wp\/v2\/product_brand?post=12326"},{"taxonomy":"product_cat","embeddable":true,"href":"https:\/\/emiro.agesci.it\/cambuseconsapevoli\/wp-json\/wp\/v2\/product_cat?post=12326"},{"taxonomy":"product_tag","embeddable":true,"href":"https:\/\/emiro.agesci.it\/cambuseconsapevoli\/wp-json\/wp\/v2\/product_tag?post=12326"}],"curies":[{"name":"wp","href":"https:\/\/api.w.org\/{rel}","templated":true}]}}