{"id":12325,"date":"2025-04-03T12:01:25","date_gmt":"2025-04-03T10:01:25","guid":{"rendered":"https:\/\/emiro.agesci.it\/cambuseconsapevoli\/prodotto\/piatti-solido-arancio-dolce\/"},"modified":"2025-11-03T10:42:36","modified_gmt":"2025-11-03T09:42:36","slug":"piatti-solido-arancio-dolce","status":"publish","type":"product","link":"https:\/\/emiro.agesci.it\/cambuseconsapevoli\/prodotto\/piatti-solido-arancio-dolce\/","title":{"rendered":"Piatti Solido &#8211; Arancio Dolce"},"content":{"rendered":"<p>Vuoi lavare alla perfezione le stoviglie ed eliminare la plastica dalla tua cucina? Cerchi un detersivo solido per piatti che duri quasi 3 mesi? Il Detersivo Piatti Solido Solara risponde esattamente a queste richieste! Niente pi\u00f9 flaconi di plastica che occupano spazio sotto il lavello e nella raccolta differenziata, niente pi\u00f9 sprechi di detersivo liquido: questo \u00e8 un detersivo solido molto concentrato che sgrassa perfettamente anche le stoviglie pi\u00f9 unte. Non \u00e8 un sapone ma un vero e proprio detersivo piatti solido, con una formula specifica per rendere puliti e brillanti i piatti ed eliminare i cattivi odori.<br \/>\nStrofina una spugna umida, sulla parte superiore del Detersivo Piatti Solido fino a creare una soffice schiuma, lava quindi i piatti come fai abitualmente. Con poco detersivo puoi lavare molte stoviglie, non serve usarne troppo!<\/p>\n","protected":false},"excerpt":{"rendered":"<p>Detersivo piatti solido<\/p>\n","protected":false},"featured_media":9183,"comment_status":"open","ping_status":"closed","template":"","meta":[],"product_brand":[224],"product_cat":[144],"product_tag":[],"class_list":{"0":"post-12325","1":"product","2":"type-product","3":"status-publish","4":"has-post-thumbnail","6":"product_brand-officina-naturae","7":"product_cat-pulizia-della-casa","9":"first","10":"instock","11":"taxable","12":"shipping-taxable","13":"purchasable","14":"product-type-simple"},"_links":{"self":[{"href":"https:\/\/emiro.agesci.it\/cambuseconsapevoli\/wp-json\/wp\/v2\/product\/12325","targetHints":{"allow":["GET"]}}],"collection":[{"href":"https:\/\/emiro.agesci.it\/cambuseconsapevoli\/wp-json\/wp\/v2\/product"}],"about":[{"href":"https:\/\/emiro.agesci.it\/cambuseconsapevoli\/wp-json\/wp\/v2\/types\/product"}],"replies":[{"embeddable":true,"href":"https:\/\/emiro.agesci.it\/cambuseconsapevoli\/wp-json\/wp\/v2\/comments?post=12325"}],"wp:featuredmedia":[{"embeddable":true,"href":"https:\/\/emiro.agesci.it\/cambuseconsapevoli\/wp-json\/wp\/v2\/media\/9183"}],"wp:attachment":[{"href":"https:\/\/emiro.agesci.it\/cambuseconsapevoli\/wp-json\/wp\/v2\/media?parent=12325"}],"wp:term":[{"taxonomy":"product_brand","embeddable":true,"href":"https:\/\/emiro.agesci.it\/cambuseconsapevoli\/wp-json\/wp\/v2\/product_brand?post=12325"},{"taxonomy":"product_cat","embeddable":true,"href":"https:\/\/emiro.agesci.it\/cambuseconsapevoli\/wp-json\/wp\/v2\/product_cat?post=12325"},{"taxonomy":"product_tag","embeddable":true,"href":"https:\/\/emiro.agesci.it\/cambuseconsapevoli\/wp-json\/wp\/v2\/product_tag?post=12325"}],"curies":[{"name":"wp","href":"https:\/\/api.w.org\/{rel}","templated":true}]}}