{"id":12321,"date":"2025-04-03T12:01:21","date_gmt":"2025-04-03T10:01:21","guid":{"rendered":"https:\/\/emiro.agesci.it\/cambuseconsapevoli\/prodotto\/dentifricio-75-ml-gusto-menta-alluminio\/"},"modified":"2025-10-27T12:54:49","modified_gmt":"2025-10-27T11:54:49","slug":"dentifricio-75-ml-gusto-menta-alluminio","status":"publish","type":"product","link":"https:\/\/emiro.agesci.it\/cambuseconsapevoli\/prodotto\/dentifricio-75-ml-gusto-menta-alluminio\/","title":{"rendered":"Dentifricio &#8211; 75 ml gusto menta (alluminio)"},"content":{"rendered":"<p>\u00c8 un dentifricio naturale dalla consistenza di un gel, un valido aiuto nella prevenzione contro placca e tartaro grazie al Lichene Islandico e allo Zinco Citrato. La formula \u00e8 efficace senza intaccare lo smalto dei denti ed \u00e8 lenitiva per le mucose della cavit\u00e0 orale, perfetta per garantire la salute di denti e gengive.<br \/>\nSai che i nostri prodotti rispettano sempre la nostra salute, ma non dimentichiamo di creare prodotti consapevoli anche per i nostri amici animali: questo, infatti, \u00e8 un dentifricio vegan e cruelty free!<br \/>\nInoltre, ha un packaging interamente riciclabile in carta FSC, alluminio e bioplastica! <\/p>\n","protected":false},"excerpt":{"rendered":"<p>Il dentifricio vegan e naturale che piace a tutti<\/p>\n","protected":false},"featured_media":9175,"comment_status":"open","ping_status":"closed","template":"","meta":[],"product_brand":[224],"product_cat":[15],"product_tag":[],"class_list":{"0":"post-12321","1":"product","2":"type-product","3":"status-publish","4":"has-post-thumbnail","6":"product_brand-officina-naturae","7":"product_cat-cura-della-persona","9":"first","10":"instock","11":"taxable","12":"shipping-taxable","13":"purchasable","14":"product-type-simple"},"_links":{"self":[{"href":"https:\/\/emiro.agesci.it\/cambuseconsapevoli\/wp-json\/wp\/v2\/product\/12321","targetHints":{"allow":["GET"]}}],"collection":[{"href":"https:\/\/emiro.agesci.it\/cambuseconsapevoli\/wp-json\/wp\/v2\/product"}],"about":[{"href":"https:\/\/emiro.agesci.it\/cambuseconsapevoli\/wp-json\/wp\/v2\/types\/product"}],"replies":[{"embeddable":true,"href":"https:\/\/emiro.agesci.it\/cambuseconsapevoli\/wp-json\/wp\/v2\/comments?post=12321"}],"wp:featuredmedia":[{"embeddable":true,"href":"https:\/\/emiro.agesci.it\/cambuseconsapevoli\/wp-json\/wp\/v2\/media\/9175"}],"wp:attachment":[{"href":"https:\/\/emiro.agesci.it\/cambuseconsapevoli\/wp-json\/wp\/v2\/media?parent=12321"}],"wp:term":[{"taxonomy":"product_brand","embeddable":true,"href":"https:\/\/emiro.agesci.it\/cambuseconsapevoli\/wp-json\/wp\/v2\/product_brand?post=12321"},{"taxonomy":"product_cat","embeddable":true,"href":"https:\/\/emiro.agesci.it\/cambuseconsapevoli\/wp-json\/wp\/v2\/product_cat?post=12321"},{"taxonomy":"product_tag","embeddable":true,"href":"https:\/\/emiro.agesci.it\/cambuseconsapevoli\/wp-json\/wp\/v2\/product_tag?post=12321"}],"curies":[{"name":"wp","href":"https:\/\/api.w.org\/{rel}","templated":true}]}}