{"id":12318,"date":"2025-04-03T12:01:19","date_gmt":"2025-04-03T10:01:19","guid":{"rendered":"https:\/\/emiro.agesci.it\/cambuseconsapevoli\/prodotto\/doccia-shampoo-natu-flacone-da-1-litro\/"},"modified":"2025-05-27T14:12:20","modified_gmt":"2025-05-27T12:12:20","slug":"doccia-shampoo-natu-flacone-da-1-litro","status":"publish","type":"product","link":"https:\/\/emiro.agesci.it\/cambuseconsapevoli\/prodotto\/doccia-shampoo-natu-flacone-da-1-litro\/","title":{"rendered":"Doccia Shampoo Nat\u00f9 &#8211; Flacone da 1 litro"},"content":{"rendered":"<p>Lo shampoo-doccia Nat\u00f9 deterge dolcemente senza irritare, adatto per l&#8217;uso frequente, \u00e8 indicato anche per le pelli pi\u00f9 sensibili. Arricchito con balsamo di origine vegetale, rispetta i capelli e li lascia luminosi e lucenti. Formulato con tensioattivi di sola origine vegetale, genera poca schiuma ed \u00e8 profumato con oli essenziali di arancio dolce e lemongrass, fragranze che rendono questo prodotto fresco e aromatico.<\/p>\n","protected":false},"excerpt":{"rendered":"<p>Shampoo Doccia Nat\u00f9 da 1l biologico<\/p>\n","protected":false},"featured_media":9163,"comment_status":"open","ping_status":"closed","template":"","meta":[],"product_brand":[224],"product_cat":[15],"product_tag":[],"class_list":{"0":"post-12318","1":"product","2":"type-product","3":"status-publish","4":"has-post-thumbnail","6":"product_brand-officina-naturae","7":"product_cat-cura-della-persona","9":"first","10":"instock","11":"taxable","12":"shipping-taxable","13":"purchasable","14":"product-type-simple"},"_links":{"self":[{"href":"https:\/\/emiro.agesci.it\/cambuseconsapevoli\/wp-json\/wp\/v2\/product\/12318","targetHints":{"allow":["GET"]}}],"collection":[{"href":"https:\/\/emiro.agesci.it\/cambuseconsapevoli\/wp-json\/wp\/v2\/product"}],"about":[{"href":"https:\/\/emiro.agesci.it\/cambuseconsapevoli\/wp-json\/wp\/v2\/types\/product"}],"replies":[{"embeddable":true,"href":"https:\/\/emiro.agesci.it\/cambuseconsapevoli\/wp-json\/wp\/v2\/comments?post=12318"}],"wp:featuredmedia":[{"embeddable":true,"href":"https:\/\/emiro.agesci.it\/cambuseconsapevoli\/wp-json\/wp\/v2\/media\/9163"}],"wp:attachment":[{"href":"https:\/\/emiro.agesci.it\/cambuseconsapevoli\/wp-json\/wp\/v2\/media?parent=12318"}],"wp:term":[{"taxonomy":"product_brand","embeddable":true,"href":"https:\/\/emiro.agesci.it\/cambuseconsapevoli\/wp-json\/wp\/v2\/product_brand?post=12318"},{"taxonomy":"product_cat","embeddable":true,"href":"https:\/\/emiro.agesci.it\/cambuseconsapevoli\/wp-json\/wp\/v2\/product_cat?post=12318"},{"taxonomy":"product_tag","embeddable":true,"href":"https:\/\/emiro.agesci.it\/cambuseconsapevoli\/wp-json\/wp\/v2\/product_tag?post=12318"}],"curies":[{"name":"wp","href":"https:\/\/api.w.org\/{rel}","templated":true}]}}