{"id":9742,"date":"2023-01-10T15:09:12","date_gmt":"2023-01-10T14:09:12","guid":{"rendered":"https:\/\/emiro.agesci.it\/archiviofoto\/?page_id=9742"},"modified":"2023-01-10T15:11:23","modified_gmt":"2023-01-10T14:11:23","slug":"gandolfi-alessandro-cento-fe","status":"publish","type":"page","link":"https:\/\/emiro.agesci.it\/archiviofoto\/?page_id=9742","title":{"rendered":"Gandolfi Alessandro &#8211; Cento (FE)"},"content":{"rendered":"\n<p><strong>Cento<\/strong> 2 giugno 1947 \u2013 <strong>Bologna<\/strong> 1 maggio 2020<\/p>\n\n\n\n<p>Entrato giovane-adulto nello scautismo \u00e8, fino alla scomparsa, il punto di riferimento per i gruppi della bassa bolognese e del pi\u00f9 vicino territorio ferrarese. Negli anni ha servito anche in diverse unit\u00e0 del gruppo, affiancando e sostenendo i giovani capi di Pieve di Cento, di Casumaro e dei gruppi pi\u00f9 vicini.  Capo gruppo del Cento 1 per 50 anni, dal 1965 in poi, prima in ASCI poi in AGESCI<\/p>\n\n\n\nngg_shortcode_0_placeholder\n","protected":false},"excerpt":{"rendered":"<p>Cento 2 giugno 1947 \u2013 Bologna 1 maggio 2020 Entrato giovane-adulto nello scautismo \u00e8, fino alla scomparsa, il punto di riferimento per i gruppi della bassa bolognese e del pi\u00f9 vicino territorio ferrarese. Negli anni ha servito anche in diverse unit\u00e0 del gruppo, affiancando e sostenendo i giovani capi di Pieve di Cento, di Casumaro&#8230;<\/p>\n","protected":false},"author":2,"featured_media":0,"parent":0,"menu_order":0,"comment_status":"closed","ping_status":"closed","template":"","meta":{"ngg_post_thumbnail":0,"footnotes":""},"class_list":["post-9742","page","type-page","status-publish","hentry"],"_links":{"self":[{"href":"https:\/\/emiro.agesci.it\/archiviofoto\/index.php?rest_route=\/wp\/v2\/pages\/9742","targetHints":{"allow":["GET"]}}],"collection":[{"href":"https:\/\/emiro.agesci.it\/archiviofoto\/index.php?rest_route=\/wp\/v2\/pages"}],"about":[{"href":"https:\/\/emiro.agesci.it\/archiviofoto\/index.php?rest_route=\/wp\/v2\/types\/page"}],"author":[{"embeddable":true,"href":"https:\/\/emiro.agesci.it\/archiviofoto\/index.php?rest_route=\/wp\/v2\/users\/2"}],"replies":[{"embeddable":true,"href":"https:\/\/emiro.agesci.it\/archiviofoto\/index.php?rest_route=%2Fwp%2Fv2%2Fcomments&post=9742"}],"version-history":[{"count":2,"href":"https:\/\/emiro.agesci.it\/archiviofoto\/index.php?rest_route=\/wp\/v2\/pages\/9742\/revisions"}],"predecessor-version":[{"id":9747,"href":"https:\/\/emiro.agesci.it\/archiviofoto\/index.php?rest_route=\/wp\/v2\/pages\/9742\/revisions\/9747"}],"wp:attachment":[{"href":"https:\/\/emiro.agesci.it\/archiviofoto\/index.php?rest_route=%2Fwp%2Fv2%2Fmedia&parent=9742"}],"curies":[{"name":"wp","href":"https:\/\/api.w.org\/{rel}","templated":true}]}}