{"id":9478,"date":"2022-07-24T20:50:37","date_gmt":"2022-07-24T18:50:37","guid":{"rendered":"https:\/\/emiro.agesci.it\/archiviofoto\/?page_id=9478"},"modified":"2023-01-18T16:28:44","modified_gmt":"2023-01-18T15:28:44","slug":"biasoli-edo-cesena","status":"publish","type":"page","link":"https:\/\/emiro.agesci.it\/archiviofoto\/?page_id=9478","title":{"rendered":"Biasoli Edo &#8211; Cesena"},"content":{"rendered":"\n<p><strong>Cesena<\/strong> 22 ottobre 1930 \u2013 <strong>Cesena<\/strong> 31 agosto 2003<\/p>\n\n\n\n<p>Scout nel 1946 poi Capo nel gruppo Cesena 3. Dal 1952 \u00e8 Capo reparto, poi \u00e8 alla guida di un reparto di formazione al Jamboree di Maratona (1963) per essere poi vicecapo contingente al Jamboree in Idaho e capo contingente AGESCI nel 1975 in Norvegia. Sono sue molte delle intuizioni del Sentiero scout che, negli anni \u201970, ha rinnovato il metodo E\/G dell\u2019AGESCI. Commissario regionale Esploratori in ASCI per breve tempo a met\u00e0 anni \u201860, \u00e8 stato responsabile del campo fisso alla Route Comunit\u00e0 Capi di Bedonia del 1979. Per 30 anni \u00e8 stato l\u2019anima dello scautismo nautico in Italia: \u00e8 Incaricato Nazionale Nautici dal 1970 al 1991, prima in ASCI poi in AGESCI, dando l\u2019impronta attuale allo scautismo nautico in Italia.<\/p>\n\n\n\nngg_shortcode_0_placeholder\n","protected":false},"excerpt":{"rendered":"<p>Cesena 22 ottobre 1930 \u2013 Cesena 31 agosto 2003 Scout nel 1946 poi Capo nel gruppo Cesena 3. Dal 1952 \u00e8 Capo reparto, poi \u00e8 alla guida di un reparto di formazione al Jamboree di Maratona (1963) per essere poi vicecapo contingente al Jamboree in Idaho e capo contingente AGESCI nel 1975 in Norvegia. Sono&#8230;<\/p>\n","protected":false},"author":2,"featured_media":0,"parent":0,"menu_order":0,"comment_status":"closed","ping_status":"closed","template":"","meta":{"ngg_post_thumbnail":0,"footnotes":""},"class_list":["post-9478","page","type-page","status-publish","hentry"],"_links":{"self":[{"href":"https:\/\/emiro.agesci.it\/archiviofoto\/index.php?rest_route=\/wp\/v2\/pages\/9478","targetHints":{"allow":["GET"]}}],"collection":[{"href":"https:\/\/emiro.agesci.it\/archiviofoto\/index.php?rest_route=\/wp\/v2\/pages"}],"about":[{"href":"https:\/\/emiro.agesci.it\/archiviofoto\/index.php?rest_route=\/wp\/v2\/types\/page"}],"author":[{"embeddable":true,"href":"https:\/\/emiro.agesci.it\/archiviofoto\/index.php?rest_route=\/wp\/v2\/users\/2"}],"replies":[{"embeddable":true,"href":"https:\/\/emiro.agesci.it\/archiviofoto\/index.php?rest_route=%2Fwp%2Fv2%2Fcomments&post=9478"}],"version-history":[{"count":3,"href":"https:\/\/emiro.agesci.it\/archiviofoto\/index.php?rest_route=\/wp\/v2\/pages\/9478\/revisions"}],"predecessor-version":[{"id":11415,"href":"https:\/\/emiro.agesci.it\/archiviofoto\/index.php?rest_route=\/wp\/v2\/pages\/9478\/revisions\/11415"}],"wp:attachment":[{"href":"https:\/\/emiro.agesci.it\/archiviofoto\/index.php?rest_route=%2Fwp%2Fv2%2Fmedia&parent=9478"}],"curies":[{"name":"wp","href":"https:\/\/api.w.org\/{rel}","templated":true}]}}