{"id":9463,"date":"2022-07-24T20:40:55","date_gmt":"2022-07-24T18:40:55","guid":{"rendered":"https:\/\/emiro.agesci.it\/archiviofoto\/?page_id=9463"},"modified":"2023-01-10T16:00:29","modified_gmt":"2023-01-10T15:00:29","slug":"bazzocchi-giorgia-cesena","status":"publish","type":"page","link":"https:\/\/emiro.agesci.it\/archiviofoto\/?page_id=9463","title":{"rendered":"Bazzocchi Giorgia &#8211; Cesena"},"content":{"rendered":"\n<p><strong>Cesena<\/strong> 11 giugno 1915 \u2013 <strong>Cesena<\/strong> 1 luglio 2008<\/p>\n\n\n\n<p>Gi\u00e0 adulta, nel 1946 fonda l\u2019AGI a Cesena, promuovendo e sostenendo il guidismo nelle citt\u00e0 e paesi della Romagna. Segue da vicino guide e capo anche a Forl\u00ec, Ravenna, Rimini fino a met\u00e0 degli anni \u201960 organizzando e guidando attivit\u00e0 per ragazze e campi di formazione per Capo. \u00c8 Capo Fuoco AGI ed insieme \u201cCommissaria\u201d (responsabile) della zona Romagna per gran parte degli anni \u201950. \u00c8 sempre stato Capo nel Cesena 1 AGI<\/p>\n\n\n\nngg_shortcode_0_placeholder\n","protected":false},"excerpt":{"rendered":"<p>Cesena 11 giugno 1915 \u2013 Cesena 1 luglio 2008 Gi\u00e0 adulta, nel 1946 fonda l\u2019AGI a Cesena, promuovendo e sostenendo il guidismo nelle citt\u00e0 e paesi della Romagna. Segue da vicino guide e capo anche a Forl\u00ec, Ravenna, Rimini fino a met\u00e0 degli anni \u201960 organizzando e guidando attivit\u00e0 per ragazze e campi di formazione&#8230;<\/p>\n","protected":false},"author":2,"featured_media":0,"parent":0,"menu_order":0,"comment_status":"closed","ping_status":"closed","template":"","meta":{"ngg_post_thumbnail":0,"footnotes":""},"class_list":["post-9463","page","type-page","status-publish","hentry"],"_links":{"self":[{"href":"https:\/\/emiro.agesci.it\/archiviofoto\/index.php?rest_route=\/wp\/v2\/pages\/9463","targetHints":{"allow":["GET"]}}],"collection":[{"href":"https:\/\/emiro.agesci.it\/archiviofoto\/index.php?rest_route=\/wp\/v2\/pages"}],"about":[{"href":"https:\/\/emiro.agesci.it\/archiviofoto\/index.php?rest_route=\/wp\/v2\/types\/page"}],"author":[{"embeddable":true,"href":"https:\/\/emiro.agesci.it\/archiviofoto\/index.php?rest_route=\/wp\/v2\/users\/2"}],"replies":[{"embeddable":true,"href":"https:\/\/emiro.agesci.it\/archiviofoto\/index.php?rest_route=%2Fwp%2Fv2%2Fcomments&post=9463"}],"version-history":[{"count":2,"href":"https:\/\/emiro.agesci.it\/archiviofoto\/index.php?rest_route=\/wp\/v2\/pages\/9463\/revisions"}],"predecessor-version":[{"id":9777,"href":"https:\/\/emiro.agesci.it\/archiviofoto\/index.php?rest_route=\/wp\/v2\/pages\/9463\/revisions\/9777"}],"wp:attachment":[{"href":"https:\/\/emiro.agesci.it\/archiviofoto\/index.php?rest_route=%2Fwp%2Fv2%2Fmedia&parent=9463"}],"curies":[{"name":"wp","href":"https:\/\/api.w.org\/{rel}","templated":true}]}}