{"id":9425,"date":"2022-07-24T19:31:51","date_gmt":"2022-07-24T17:31:51","guid":{"rendered":"https:\/\/emiro.agesci.it\/archiviofoto\/?page_id=9425"},"modified":"2023-01-10T15:49:09","modified_gmt":"2023-01-10T14:49:09","slug":"andreoli-luigi-parma","status":"publish","type":"page","link":"https:\/\/emiro.agesci.it\/archiviofoto\/?page_id=9425","title":{"rendered":"Andreoli Luigi &#8211; Parma"},"content":{"rendered":"\n<p><strong>Parma<\/strong> 3 settembre 1906 \u2013 <strong>Parma<\/strong> 10 agosto 1991 (totem <strong><em>Alce Rossa<\/em><\/strong>)<\/p>\n\n\n\n<p>Tra i primi scout a Parma nel 1924, ottiene nel 1927 il brevetto di Capo nell\u2019ASCI prima dello scioglimento. Nell\u2019immediato dopoguerra apre nuovamente gruppi scout ASCI a Parma e nella provincia, sostenendone lo sviluppo. Negli anni \u201960 \u00e8 Commissario provinciale di Parma nell\u2019ASCI, con altri fonda nel 1963 la prima comunit\u00e0 MASCI in citt\u00e0 e nel 1976, insieme ad altri, d\u00e0 vita al PR 8 AGESCI<\/p>\n\n\n\nngg_shortcode_0_placeholder\n","protected":false},"excerpt":{"rendered":"<p>Parma 3 settembre 1906 \u2013 Parma 10 agosto 1991 (totem Alce Rossa) Tra i primi scout a Parma nel 1924, ottiene nel 1927 il brevetto di Capo nell\u2019ASCI prima dello scioglimento. Nell\u2019immediato dopoguerra apre nuovamente gruppi scout ASCI a Parma e nella provincia, sostenendone lo sviluppo. Negli anni \u201960 \u00e8 Commissario provinciale di Parma nell\u2019ASCI,&#8230;<\/p>\n","protected":false},"author":2,"featured_media":0,"parent":0,"menu_order":0,"comment_status":"closed","ping_status":"closed","template":"","meta":{"ngg_post_thumbnail":0,"footnotes":""},"class_list":["post-9425","page","type-page","status-publish","hentry"],"_links":{"self":[{"href":"https:\/\/emiro.agesci.it\/archiviofoto\/index.php?rest_route=\/wp\/v2\/pages\/9425","targetHints":{"allow":["GET"]}}],"collection":[{"href":"https:\/\/emiro.agesci.it\/archiviofoto\/index.php?rest_route=\/wp\/v2\/pages"}],"about":[{"href":"https:\/\/emiro.agesci.it\/archiviofoto\/index.php?rest_route=\/wp\/v2\/types\/page"}],"author":[{"embeddable":true,"href":"https:\/\/emiro.agesci.it\/archiviofoto\/index.php?rest_route=\/wp\/v2\/users\/2"}],"replies":[{"embeddable":true,"href":"https:\/\/emiro.agesci.it\/archiviofoto\/index.php?rest_route=%2Fwp%2Fv2%2Fcomments&post=9425"}],"version-history":[{"count":4,"href":"https:\/\/emiro.agesci.it\/archiviofoto\/index.php?rest_route=\/wp\/v2\/pages\/9425\/revisions"}],"predecessor-version":[{"id":9767,"href":"https:\/\/emiro.agesci.it\/archiviofoto\/index.php?rest_route=\/wp\/v2\/pages\/9425\/revisions\/9767"}],"wp:attachment":[{"href":"https:\/\/emiro.agesci.it\/archiviofoto\/index.php?rest_route=%2Fwp%2Fv2%2Fmedia&parent=9425"}],"curies":[{"name":"wp","href":"https:\/\/api.w.org\/{rel}","templated":true}]}}