{"id":8796,"date":"2022-05-21T20:58:07","date_gmt":"2022-05-21T18:58:07","guid":{"rendered":"https:\/\/emiro.agesci.it\/archiviofoto\/?page_id=8796"},"modified":"2023-01-18T16:19:06","modified_gmt":"2023-01-18T15:19:06","slug":"baietti-augusto-bologna","status":"publish","type":"page","link":"https:\/\/emiro.agesci.it\/archiviofoto\/?page_id=8796","title":{"rendered":"Baietti Augusto &#8211; Bologna"},"content":{"rendered":"\n<p><strong>Bologna<\/strong> 19 novembre 1932 \u2013 <strong>San Lazzaro di Savena<\/strong> 8 ottobre 2019<\/p>\n\n\n\n<p>\u201cCommissario\u201d provinciale ASCI a Bologna dal 1963 al 1966, poi \u201cregionale\u201d dal 1967 al 1973. Sempre poi al servizio dell\u2019Associazione anche in AGESCI per le notevoli competenze e la grande stima di cui godeva. Pur nelle traversie degli anni pre-unificazione, aveva la stima e la fiducia di tutti per la lealt\u00e0 che si sapeva poter riporre in lui. Scout dal 1945, poi Capo nell\u2019ASCI BO 5. Ha servito numerosissimi ragazzi per quasi due decenni, prima in reparto, poi in clan. Nel 1963 \u00e8 tra i fondatori della Cooperativa scout \u201cIl Gallo\u201d di cui sar\u00e0 poi Presidente per molti anni e parte del CdA. Support\u00f2 e consigli\u00f2 la pattuglia che guid\u00f2 l\u2019acquisto dell\u2019attuale sede regionale, dopo aver preso parte alla prima operazione \u201cCasa Nostra\u201d degli anni \u201950-\u201960 per via Castiglione<\/p>\n\n\n\nngg_shortcode_0_placeholder\n","protected":false},"excerpt":{"rendered":"<p>Bologna 19 novembre 1932 \u2013 San Lazzaro di Savena 8 ottobre 2019 \u201cCommissario\u201d provinciale ASCI a Bologna dal 1963 al 1966, poi \u201cregionale\u201d dal 1967 al 1973. Sempre poi al servizio dell\u2019Associazione anche in AGESCI per le notevoli competenze e la grande stima di cui godeva. Pur nelle traversie degli anni pre-unificazione, aveva la stima&#8230;<\/p>\n","protected":false},"author":2,"featured_media":0,"parent":0,"menu_order":0,"comment_status":"closed","ping_status":"closed","template":"","meta":{"ngg_post_thumbnail":0,"footnotes":""},"class_list":["post-8796","page","type-page","status-publish","hentry"],"_links":{"self":[{"href":"https:\/\/emiro.agesci.it\/archiviofoto\/index.php?rest_route=\/wp\/v2\/pages\/8796","targetHints":{"allow":["GET"]}}],"collection":[{"href":"https:\/\/emiro.agesci.it\/archiviofoto\/index.php?rest_route=\/wp\/v2\/pages"}],"about":[{"href":"https:\/\/emiro.agesci.it\/archiviofoto\/index.php?rest_route=\/wp\/v2\/types\/page"}],"author":[{"embeddable":true,"href":"https:\/\/emiro.agesci.it\/archiviofoto\/index.php?rest_route=\/wp\/v2\/users\/2"}],"replies":[{"embeddable":true,"href":"https:\/\/emiro.agesci.it\/archiviofoto\/index.php?rest_route=%2Fwp%2Fv2%2Fcomments&post=8796"}],"version-history":[{"count":8,"href":"https:\/\/emiro.agesci.it\/archiviofoto\/index.php?rest_route=\/wp\/v2\/pages\/8796\/revisions"}],"predecessor-version":[{"id":11408,"href":"https:\/\/emiro.agesci.it\/archiviofoto\/index.php?rest_route=\/wp\/v2\/pages\/8796\/revisions\/11408"}],"wp:attachment":[{"href":"https:\/\/emiro.agesci.it\/archiviofoto\/index.php?rest_route=%2Fwp%2Fv2%2Fmedia&parent=8796"}],"curies":[{"name":"wp","href":"https:\/\/api.w.org\/{rel}","templated":true}]}}