{"id":11355,"date":"2023-01-15T16:22:30","date_gmt":"2023-01-15T15:22:30","guid":{"rendered":"https:\/\/emiro.agesci.it\/archiviofoto\/?page_id=11355"},"modified":"2023-01-17T10:38:54","modified_gmt":"2023-01-17T09:38:54","slug":"asci-1917-1950","status":"publish","type":"page","link":"https:\/\/emiro.agesci.it\/archiviofoto\/?page_id=11355","title":{"rendered":"ASCI dal 1917 al 1949"},"content":{"rendered":"\n<p><\/p>\n\n\n\n<h2 class=\"wp-block-heading\">Scautismo cattolico del primo Novecento<\/h2>\n\n\n\n<p>Le vicende dello scautismo cattolico all\u2019inizio del \u2019900 in Italia, e con esse quelle dell\u2019Emilia-<br>Romagna, sono conosciute soprattutto per le ricerche di Mario Sica e di quanto raccolto ad<br>oggi al Centro Documentazione Agesci di Roma e al \u201cMario Mazza\u201d di Genova.<br>Una particolarit\u00e0 tutta nostra \u00e8 dovuta all\u2019ambiente culturale e sociale di questa regione dove<br>era molto radicata una fortissima presenza anticristiana (repubblicani e socialisti in Romagna,<br>socialisti massimalisti e massoni in Emilia) e, successivamente, quella di sostanziale violenza<br>squadrista negli anni del fascismo.<br>Alcuni sacerdoti estremamente determinati e senza paura (che avevano colto con<br>entusiasmo la prospettiva della Rerum Novarum e della scuola culturale sociale bolognese<br>di don Romolo Murri e Giovanni Acquaderni) furono un dono del cielo per la Chiesa e per<br>l\u2019associazionismo cattolico. Non erano certamente \u201cmaggioranza\u201d ma furono un lievito che<br>gener\u00f2 entusiasmo e partecipazione, costituendo il terreno di crescita di una futura classe<br>dirigente della nuova societ\u00e0 del dopoguerra.<br>Uno di questi, ma non unico, fu don Emilio Faggioli: sacerdote minuto e giovanissimo parroco<br>a S. Giovanni in Monte di Bologna. Fece e brig\u00f2 per convincere della bont\u00e0 dello scautismo<br>nell\u2019educazione dei ragazzi anche il suo Cardinale, nonostante le resistenze, i dubbi e i sospetti<br>neppure troppo nascosti delle gerarchie ecclesiastiche per qualcosa \u201cche sapeva di massone,<br>di protestante\u2026\u201d.<br>Di grande dinamismo e, gradualmente, con ascendente ed autorevolezza anche tra i<br>sacerdoti, don Emilio \u201csemin\u00f2\u201d germi di scautismo cattolico un po\u2019 in tutta la regione da<br>Piacenza a Rimini, da Pavullo a Comacchio fino al momento della soppressione dell\u2019Asci.<br>Dal 1917 in poi fu un decennio di grande fervore e di diffusione dei reparti (allora non c\u2019era<br>sostanziale differenza tra lupetti ed esploratori) che contagi\u00f2 positivamente in varie citt\u00e0<br>anche alcuni giovani e giovani\/adulti i quali, sia pure in forme diverse, tennero poi fede alla<br>Promessa scout e costituirono &#8211; negli anni della \u201cgiungla silente\u201d &#8211; la trama sottile e fragile<br>che consegn\u00f2 ad altri il testimone alla ripresa nel dopoguerra: Giulio Argnani a Faenza, mons.<br>Giovanni Ravaglia a Cesena, Luigi Zangheri a Rimini, Giampaolo Mora e don Ennio Bonati a<br>Parma, Armando Pellati a Modena, Lorenzo Franzoni a Bologna, Mario Cavazzuti e Renato<br>Sgaravaggi a Piacenza con don Carlo Maria Aphel e molti altri ancora.<br>Qualcuno, che aveva conosciuto o frequentato l\u2019ambiente milanese, riusc\u00ec a collegarsi<br>con le \u201cAquile Randagie\u201d di Giulio Cesare Uccellini e don Andrea Ghetti (don Ennio Bonati e<br>qualche altro a Parma), altri esportarono le attivit\u00e0 scout nei vari circoli di Azione Cattolica o,<br>pi\u00f9 semplicemente, non dimenticarono il loro impegno.<br>Senza dimenticare i pi\u00f9 piccoli che avevano fatto una Promessa a met\u00e0 degli anni \u201920, ancora<br>bambini o appena ragazzi: l\u2019avevano presa molto sul serio e tanti, tornati venti anni dopo dal<br>fronte o dalla prigionia, furono i giovani capi su cui si mise in piedi la Asci rinata nel 1945.<\/p>\n\n\n\n<p>(testo da <strong><em>Impronte 1917-2021 Scout e guide tra il Po e l\u2019Adriatico<\/em><\/strong> di V. Politi &amp; P. Zoffoli &#8211; Editore Stilgraf)<\/p>\n\n\n\n<h2 class=\"has-text-align-center wp-block-heading\"><a href=\"https:\/\/emiro.agesci.it\/archiviofoto\/?page_id=8127\" data-type=\"URL\" data-id=\"https:\/\/emiro.agesci.it\/archiviofoto\/?page_id=8127\" target=\"_blank\" rel=\"noreferrer noopener\">FOTOGRAFIE ASCI 1917-1949<\/a><\/h2>\n","protected":false},"excerpt":{"rendered":"<p>Scautismo cattolico del primo Novecento Le vicende dello scautismo cattolico all\u2019inizio del \u2019900 in Italia, e con esse quelle dell\u2019Emilia-Romagna, sono conosciute soprattutto per le ricerche di Mario Sica e di quanto raccolto adoggi al Centro Documentazione Agesci di Roma e al \u201cMario Mazza\u201d di Genova.Una particolarit\u00e0 tutta nostra \u00e8 dovuta all\u2019ambiente culturale e sociale&#8230;<\/p>\n","protected":false},"author":2,"featured_media":0,"parent":0,"menu_order":0,"comment_status":"closed","ping_status":"closed","template":"","meta":{"ngg_post_thumbnail":0,"footnotes":""},"class_list":["post-11355","page","type-page","status-publish","hentry"],"_links":{"self":[{"href":"https:\/\/emiro.agesci.it\/archiviofoto\/index.php?rest_route=\/wp\/v2\/pages\/11355","targetHints":{"allow":["GET"]}}],"collection":[{"href":"https:\/\/emiro.agesci.it\/archiviofoto\/index.php?rest_route=\/wp\/v2\/pages"}],"about":[{"href":"https:\/\/emiro.agesci.it\/archiviofoto\/index.php?rest_route=\/wp\/v2\/types\/page"}],"author":[{"embeddable":true,"href":"https:\/\/emiro.agesci.it\/archiviofoto\/index.php?rest_route=\/wp\/v2\/users\/2"}],"replies":[{"embeddable":true,"href":"https:\/\/emiro.agesci.it\/archiviofoto\/index.php?rest_route=%2Fwp%2Fv2%2Fcomments&post=11355"}],"version-history":[{"count":10,"href":"https:\/\/emiro.agesci.it\/archiviofoto\/index.php?rest_route=\/wp\/v2\/pages\/11355\/revisions"}],"predecessor-version":[{"id":11397,"href":"https:\/\/emiro.agesci.it\/archiviofoto\/index.php?rest_route=\/wp\/v2\/pages\/11355\/revisions\/11397"}],"wp:attachment":[{"href":"https:\/\/emiro.agesci.it\/archiviofoto\/index.php?rest_route=%2Fwp%2Fv2%2Fmedia&parent=11355"}],"curies":[{"name":"wp","href":"https:\/\/api.w.org\/{rel}","templated":true}]}}