{"id":10466,"date":"2023-01-14T13:45:41","date_gmt":"2023-01-14T12:45:41","guid":{"rendered":"https:\/\/emiro.agesci.it\/archiviofoto\/?page_id=10466"},"modified":"2023-01-30T23:58:56","modified_gmt":"2023-01-30T22:58:56","slug":"vignali-fausto-parma","status":"publish","type":"page","link":"https:\/\/emiro.agesci.it\/archiviofoto\/?page_id=10466","title":{"rendered":"Vignali Giovanni &#8211; Parma"},"content":{"rendered":"\n<p><strong>Felino (PR)<\/strong> 17 settembre 1908 &#8211; <strong>Parma<\/strong> 28 novembre 1963 (totem <strong><em>Lupo Vagabondo<\/em><\/strong>)<\/p>\n\n\n\n<p>Tra i primi scout a Parma nel 1924, l\u20198 settembre \u201943 \u00e8 animatore e capo delle forze cattoliche della resistenza in provincia. Entra in clandestinit\u00e0 diventando vicecomandante del Comitato Volontari della Libert\u00e0 nel nord Emilia e, terminata la guerra, nei primi anni della ricostruzione \u00e8 assessore comunale ai lavori pubblici a Parma. Nel 1945 \u00e8 tra i rifondatori dello scautismo della citt\u00e0 ed \u00e8 a capo del Parma 3 per due anni, insieme a don Ennio Bonati, fino a quando emigra in Venezuela per lavoro.<\/p>\n\n\n\nngg_shortcode_0_placeholder\n\n\n\n<div data-wp-interactive=\"core\/file\" class=\"wp-block-file\"><object data-wp-bind--hidden=\"!state.hasPdfPreview\" hidden class=\"wp-block-file__embed\" data=\"https:\/\/emiro.agesci.it\/archiviofoto\/wp-content\/uploads\/2023\/01\/VIGNALI-Giovanni_00813-Albero_2020_biografia.pdf\" type=\"application\/pdf\" style=\"width:100%;height:600px\" aria-label=\"Incorporamento di VIGNALI-Giovanni_00813-Albero_2020_biografia.\"><\/object><a id=\"wp-block-file--media-884d5d14-beb0-4966-818e-fd07457a658c\" href=\"https:\/\/emiro.agesci.it\/archiviofoto\/wp-content\/uploads\/2023\/01\/VIGNALI-Giovanni_00813-Albero_2020_biografia.pdf\">VIGNALI-Giovanni_00813-Albero_2020_biografia<\/a><a href=\"https:\/\/emiro.agesci.it\/archiviofoto\/wp-content\/uploads\/2023\/01\/VIGNALI-Giovanni_00813-Albero_2020_biografia.pdf\" class=\"wp-block-file__button wp-element-button\" download aria-describedby=\"wp-block-file--media-884d5d14-beb0-4966-818e-fd07457a658c\">Download<\/a><\/div>\n\n\n","protected":false},"excerpt":{"rendered":"<p>Felino (PR) 17 settembre 1908 &#8211; Parma 28 novembre 1963 (totem Lupo Vagabondo) Tra i primi scout a Parma nel 1924, l\u20198 settembre \u201943 \u00e8 animatore e capo delle forze cattoliche della resistenza in provincia. Entra in clandestinit\u00e0 diventando vicecomandante del Comitato Volontari della Libert\u00e0 nel nord Emilia e, terminata la guerra, nei primi anni&#8230;<\/p>\n","protected":false},"author":2,"featured_media":0,"parent":0,"menu_order":0,"comment_status":"closed","ping_status":"closed","template":"","meta":{"ngg_post_thumbnail":0,"footnotes":""},"class_list":["post-10466","page","type-page","status-publish","hentry"],"_links":{"self":[{"href":"https:\/\/emiro.agesci.it\/archiviofoto\/index.php?rest_route=\/wp\/v2\/pages\/10466","targetHints":{"allow":["GET"]}}],"collection":[{"href":"https:\/\/emiro.agesci.it\/archiviofoto\/index.php?rest_route=\/wp\/v2\/pages"}],"about":[{"href":"https:\/\/emiro.agesci.it\/archiviofoto\/index.php?rest_route=\/wp\/v2\/types\/page"}],"author":[{"embeddable":true,"href":"https:\/\/emiro.agesci.it\/archiviofoto\/index.php?rest_route=\/wp\/v2\/users\/2"}],"replies":[{"embeddable":true,"href":"https:\/\/emiro.agesci.it\/archiviofoto\/index.php?rest_route=%2Fwp%2Fv2%2Fcomments&post=10466"}],"version-history":[{"count":4,"href":"https:\/\/emiro.agesci.it\/archiviofoto\/index.php?rest_route=\/wp\/v2\/pages\/10466\/revisions"}],"predecessor-version":[{"id":11881,"href":"https:\/\/emiro.agesci.it\/archiviofoto\/index.php?rest_route=\/wp\/v2\/pages\/10466\/revisions\/11881"}],"wp:attachment":[{"href":"https:\/\/emiro.agesci.it\/archiviofoto\/index.php?rest_route=%2Fwp%2Fv2%2Fmedia&parent=10466"}],"curies":[{"name":"wp","href":"https:\/\/api.w.org\/{rel}","templated":true}]}}