{"id":10451,"date":"2023-01-14T13:33:32","date_gmt":"2023-01-14T12:33:32","guid":{"rendered":"https:\/\/emiro.agesci.it\/archiviofoto\/?page_id=10451"},"modified":"2023-01-17T09:11:41","modified_gmt":"2023-01-17T08:11:41","slug":"severi-pietro-paolo-modena","status":"publish","type":"page","link":"https:\/\/emiro.agesci.it\/archiviofoto\/?page_id=10451","title":{"rendered":"Severi Pietro Paolo &#8211; Modena"},"content":{"rendered":"\n<p><strong>Maranello<\/strong> <strong>(MO) <\/strong>29 giugno 1929 &#8211; <strong>Modena <\/strong>29 aprile 2004<\/p>\n\n\n\n<p>Scout nell\u2019Asci dal 1945, poi capo nel Modena 1. Giovanissimo fa parte della Pattuglia nazionale Lupetti;<br>insieme a Fausto Catani e Fulvio Janovitz imposta, in modo aggiornato ai tempi, il lupettismo italiano e<br>collabora alla stesura dei manuali di formazione dei capi del branco. Commissario di branca Lupetti a Modena gi\u00e0 nel 1948, \u00e8 poi Commissario regionale della stessa branca dal 1948 per quasi un decennio. \u00c8 Commissario Asci di tutta la provincia di Modena dal 1955 al 1963. Sono sue le elaborazioni e gli approfondimenti pi\u00f9 importanti dello scautismo italiano circa il lupettismo, pubblicate tra il 1969 e il 1985. \u00c8 ancora in gruppo nel 1974 quando si pone su posizioni fortemente critiche all\u2019Associazione per alcune scelte metodologiche di branca e per le decisioni relative all\u2019unificazione.<\/p>\n\n\n\nngg_shortcode_0_placeholder\n","protected":false},"excerpt":{"rendered":"<p>Maranello (MO) 29 giugno 1929 &#8211; Modena 29 aprile 2004 Scout nell\u2019Asci dal 1945, poi capo nel Modena 1. Giovanissimo fa parte della Pattuglia nazionale Lupetti;insieme a Fausto Catani e Fulvio Janovitz imposta, in modo aggiornato ai tempi, il lupettismo italiano ecollabora alla stesura dei manuali di formazione dei capi del branco. Commissario di branca&#8230;<\/p>\n","protected":false},"author":2,"featured_media":0,"parent":0,"menu_order":0,"comment_status":"closed","ping_status":"closed","template":"","meta":{"ngg_post_thumbnail":0,"footnotes":""},"class_list":["post-10451","page","type-page","status-publish","hentry"],"_links":{"self":[{"href":"https:\/\/emiro.agesci.it\/archiviofoto\/index.php?rest_route=\/wp\/v2\/pages\/10451","targetHints":{"allow":["GET"]}}],"collection":[{"href":"https:\/\/emiro.agesci.it\/archiviofoto\/index.php?rest_route=\/wp\/v2\/pages"}],"about":[{"href":"https:\/\/emiro.agesci.it\/archiviofoto\/index.php?rest_route=\/wp\/v2\/types\/page"}],"author":[{"embeddable":true,"href":"https:\/\/emiro.agesci.it\/archiviofoto\/index.php?rest_route=\/wp\/v2\/users\/2"}],"replies":[{"embeddable":true,"href":"https:\/\/emiro.agesci.it\/archiviofoto\/index.php?rest_route=%2Fwp%2Fv2%2Fcomments&post=10451"}],"version-history":[{"count":3,"href":"https:\/\/emiro.agesci.it\/archiviofoto\/index.php?rest_route=\/wp\/v2\/pages\/10451\/revisions"}],"predecessor-version":[{"id":11390,"href":"https:\/\/emiro.agesci.it\/archiviofoto\/index.php?rest_route=\/wp\/v2\/pages\/10451\/revisions\/11390"}],"wp:attachment":[{"href":"https:\/\/emiro.agesci.it\/archiviofoto\/index.php?rest_route=%2Fwp%2Fv2%2Fmedia&parent=10451"}],"curies":[{"name":"wp","href":"https:\/\/api.w.org\/{rel}","templated":true}]}}