{"id":10373,"date":"2023-01-14T12:37:04","date_gmt":"2023-01-14T11:37:04","guid":{"rendered":"https:\/\/emiro.agesci.it\/archiviofoto\/?page_id=10373"},"modified":"2023-01-14T12:37:04","modified_gmt":"2023-01-14T11:37:04","slug":"pellati-armando-modena","status":"publish","type":"page","link":"https:\/\/emiro.agesci.it\/archiviofoto\/?page_id=10373","title":{"rendered":"Pellati Armando &#8211; Modena"},"content":{"rendered":"\n<p><strong>Modena<\/strong> 25 maggio 1907 &#8211; <strong>Modena<\/strong> 14 novembre 1977<\/p>\n\n\n\n<p>\u00c8 scout dal 1922 nel gruppo MO 3 \u201cS. Agnese\u201d appena fondato. Ottiene la nomina di Istruttore nel 1927,<br>prima dello scioglimento. Durante gli anni della \u201cGiungla Silente\u201d si laurea in lettere all\u2019Universit\u00e0 Cattolica<br>di Milano. Alla ripresa, nel 1945, \u00e8 chiamato ad essere Commissario della regione Emilia appena formatasi<br>(con i territori da Piacenza a Modena). Ne sar\u00e0 Responsabile fino alla unificazione con la Romagna,<br>all\u2019inizio del 1955. Persona di cultura, gode della considerazione di tanti capi anche fuori regione e viene coinvolto nella stesura delle prime linee direttive nazionali della nuova Asci. Fino al 1955 \u00e8 a fianco dei capi e ragazzi del nord dell\u2019Emilia, poi sceglie di dedicarsi completamente all\u2019insegnamento nel liceo S. Carlo e nel Collegio annesso. Primo Commissario regionale Asci in ordine di tempo, \u00e8 prima scout poi capo del Modena 3.<\/p>\n\n\n\nngg_shortcode_0_placeholder\n","protected":false},"excerpt":{"rendered":"<p>Modena 25 maggio 1907 &#8211; Modena 14 novembre 1977 \u00c8 scout dal 1922 nel gruppo MO 3 \u201cS. Agnese\u201d appena fondato. Ottiene la nomina di Istruttore nel 1927,prima dello scioglimento. Durante gli anni della \u201cGiungla Silente\u201d si laurea in lettere all\u2019Universit\u00e0 Cattolicadi Milano. Alla ripresa, nel 1945, \u00e8 chiamato ad essere Commissario della regione Emilia&#8230;<\/p>\n","protected":false},"author":2,"featured_media":0,"parent":0,"menu_order":0,"comment_status":"closed","ping_status":"closed","template":"","meta":{"ngg_post_thumbnail":0,"footnotes":""},"class_list":["post-10373","page","type-page","status-publish","hentry"],"_links":{"self":[{"href":"https:\/\/emiro.agesci.it\/archiviofoto\/index.php?rest_route=\/wp\/v2\/pages\/10373","targetHints":{"allow":["GET"]}}],"collection":[{"href":"https:\/\/emiro.agesci.it\/archiviofoto\/index.php?rest_route=\/wp\/v2\/pages"}],"about":[{"href":"https:\/\/emiro.agesci.it\/archiviofoto\/index.php?rest_route=\/wp\/v2\/types\/page"}],"author":[{"embeddable":true,"href":"https:\/\/emiro.agesci.it\/archiviofoto\/index.php?rest_route=\/wp\/v2\/users\/2"}],"replies":[{"embeddable":true,"href":"https:\/\/emiro.agesci.it\/archiviofoto\/index.php?rest_route=%2Fwp%2Fv2%2Fcomments&post=10373"}],"version-history":[{"count":1,"href":"https:\/\/emiro.agesci.it\/archiviofoto\/index.php?rest_route=\/wp\/v2\/pages\/10373\/revisions"}],"predecessor-version":[{"id":10374,"href":"https:\/\/emiro.agesci.it\/archiviofoto\/index.php?rest_route=\/wp\/v2\/pages\/10373\/revisions\/10374"}],"wp:attachment":[{"href":"https:\/\/emiro.agesci.it\/archiviofoto\/index.php?rest_route=%2Fwp%2Fv2%2Fmedia&parent=10373"}],"curies":[{"name":"wp","href":"https:\/\/api.w.org\/{rel}","templated":true}]}}